{"id":306,"date":"2018-07-09T02:37:19","date_gmt":"2018-07-09T02:37:19","guid":{"rendered":"https:\/\/deanzajoji.com\/?page_id=306"},"modified":"2018-12-30T13:33:02","modified_gmt":"2018-12-30T13:33:02","slug":"dicj-gaming-inspection-and-coordination-bureau","status":"publish","type":"page","link":"https:\/\/deanzajoji.com\/ja\/database\/vocabulary-%e8%aa%9e%e5%bd%99%e3%83%aa%e3%82%b9%e3%83%88\/dicj-gaming-inspection-and-coordination-bureau\/","title":{"rendered":"DICJ (Gaming Inspection and Coordination Bureau) \/ \u30de\u30ab\u30aa\u306e\u30b2\u30fc\u30df\u30f3\u30b0\u76e3\u67fb\u30fb\u8abf\u6574\u5c40"},"content":{"rendered":"<p>&nbsp;<\/p>\n<p><img data-recalc-dims=\"1\" loading=\"lazy\" decoding=\"async\" data-attachment-id=\"307\" data-permalink=\"https:\/\/deanzajoji.com\/ja\/database\/vocabulary-%e8%aa%9e%e5%bd%99%e3%83%aa%e3%82%b9%e3%83%88\/dicj-gaming-inspection-and-coordination-bureau\/gaming-inspection-and-coordination-bureau-macau\/\" data-orig-file=\"https:\/\/i0.wp.com\/deanzajoji.com\/wp-content\/uploads\/2018\/07\/gaming-inspection-and-coordination-bureau-macau.jpg?fit=380%2C250&amp;ssl=1\" data-orig-size=\"380,250\" data-comments-opened=\"1\" data-image-meta=\"{&quot;aperture&quot;:&quot;0&quot;,&quot;credit&quot;:&quot;&quot;,&quot;camera&quot;:&quot;&quot;,&quot;caption&quot;:&quot;&quot;,&quot;created_timestamp&quot;:&quot;0&quot;,&quot;copyright&quot;:&quot;&quot;,&quot;focal_length&quot;:&quot;0&quot;,&quot;iso&quot;:&quot;0&quot;,&quot;shutter_speed&quot;:&quot;0&quot;,&quot;title&quot;:&quot;&quot;,&quot;orientation&quot;:&quot;0&quot;}\" data-image-title=\"gaming-inspection-and-coordination-bureau-macau\" data-image-description=\"\" data-image-caption=\"\" data-medium-file=\"https:\/\/i0.wp.com\/deanzajoji.com\/wp-content\/uploads\/2018\/07\/gaming-inspection-and-coordination-bureau-macau.jpg?fit=300%2C197&amp;ssl=1\" data-large-file=\"https:\/\/i0.wp.com\/deanzajoji.com\/wp-content\/uploads\/2018\/07\/gaming-inspection-and-coordination-bureau-macau.jpg?fit=380%2C250&amp;ssl=1\" class=\"wp-image-307 aligncenter\" src=\"https:\/\/i0.wp.com\/deanzajoji.com\/wp-content\/uploads\/2018\/07\/gaming-inspection-and-coordination-bureau-macau.jpg?resize=226%2C150&#038;ssl=1\" alt=\"gaming-inspection-and-coordination-bureau-macau\" width=\"226\" height=\"150\" srcset=\"https:\/\/i0.wp.com\/deanzajoji.com\/wp-content\/uploads\/2018\/07\/gaming-inspection-and-coordination-bureau-macau.jpg?w=380&amp;ssl=1 380w, https:\/\/i0.wp.com\/deanzajoji.com\/wp-content\/uploads\/2018\/07\/gaming-inspection-and-coordination-bureau-macau.jpg?resize=270%2C178&amp;ssl=1 270w\" sizes=\"auto, (max-width: 226px) 100vw, 226px\" \/><\/p>\n<p>DICJ\u3068\u306f\u30dd\u30eb\u30c8\u30ac\u30eb\u8a9eDirec\u00e7\u00e3o de Inspec\u00e7oo e Coordena\u00e7\u00e3o de Jogos\u306e\u7565\u3067\u3001\u30b2\u30fc\u30df\u30f3\u30b0\u691c\u67fb\u8abf\u6574\u5c40\u3092\u6307\u3059\u3002 DICJ\u306f\u30de\u30ab\u30aa\u306b\u304a\u3051\u308b\u30ae\u30e3\u30f3\u30d6\u30eb\u306e\u898f\u5236\u6a5f\u95a2\u3067\u3042\u308a\u3001\u30de\u30ab\u30aa\u7279\u5225\u884c\u653f\u533a\u57df\u306e\u6700\u9ad8\u7d4c\u55b6\u8cac\u4efb\u8005\u306b\u3001\u30ab\u30b8\u30ce\u30fb\u30b2\u30fc\u30e0\u306e\u904b\u55b6\u3084\u305d\u306e\u4ed6\u306e\u30b2\u30fc\u30df\u30f3\u30b0\u306e\u305f\u3081\u306e\u7d4c\u6e08\u653f\u7b56\u306e\u5b9a\u7fa9\u3068\u5b9f\u65bd\u306b\u95a2\u3059\u308b\u30ac\u30a4\u30c0\u30f3\u30b9\u3068\u652f\u63f4\u3092\u63d0\u4f9b\u3059\u308b\u3002 DICJ\u306f\u3001\u65b0\u3057\u3044\u57fa\u6e96\u3068\u898f\u5236\u3092\u4f5c\u6210\u3057\u3001\u5b9f\u65bd\u3057\u3001\u307e\u305f\u3001\u57fa\u6e96\u3068\u898f\u5236\u304c\u78ba\u5b9f\u306b\u9075\u5b88\u3055\u308c\u3066\u3044\u308b\u3053\u3068\u3092\u78ba\u8a8d\u3059\u308b\u305f\u3081\u306b\u73fe\u5834\u3067\u306e\u691c\u67fb\u3092\u5b9f\u65bd\u3057\u3066\u3044\u308b\u3002<\/p>","protected":false},"excerpt":{"rendered":"<p>&nbsp; DICJ\u3068\u306f\u30dd\u30eb\u30c8\u30ac\u30eb\u8a9eDirec\u00e7\u00e3o de Inspec\u00e7oo e Coordena\u00e7\u00e3o de Jogos\u306e\u7565\u3067\u3001\u30b2\u30fc\u30df\u30f3\u30b0\u691c\u67fb\u8abf\u6574\u5c40\u3092\u6307\u3059\u3002 DICJ\u306f\u30de\u30ab\u30aa\u306b\u304a\u3051\u308b\u30ae\u30e3\u30f3\u30d6\u30eb\u306e\u898f\u5236\u6a5f\u95a2\u3067\u3042\u308a\u3001\u30de\u30ab\u30aa\u7279\u5225\u884c\u653f\u533a\u57df\u306e\u6700\u9ad8\u7d4c\u55b6\u8cac\u4efb\u8005\u306b\u3001\u30ab\u30b8\u30ce\u30fb\u30b2\u30fc\u30e0\u306e\u904b\u55b6\u3084\u305d\u306e\u4ed6\u306e\u30b2\u30fc\u30df\u30f3\u30b0\u306e\u305f\u3081\u306e\u7d4c\u6e08\u653f\u7b56\u306e\u5b9a\u7fa9\u3068\u5b9f\u65bd\u306b\u95a2\u3059\u308b\u30ac\u30a4\u30c0\u30f3\u30b9\u3068\u652f\u63f4\u3092\u63d0\u4f9b\u3059\u308b\u3002 DICJ\u306f\u3001\u65b0\u3057\u3044\u57fa\u6e96\u3068\u898f\u5236\u3092\u4f5c\u6210\u3057\u3001\u5b9f\u65bd\u3057\u3001\u307e\u305f\u3001\u57fa\u6e96\u3068\u898f\u5236\u304c\u78ba\u5b9f\u306b\u9075\u5b88\u3055\u308c\u3066\u3044\u308b\u3053\u3068\u3092\u78ba\u8a8d\u3059\u308b\u305f\u3081\u306b\u73fe\u5834\u3067\u306e\u691c\u67fb\u3092\u5b9f\u65bd\u3057\u3066\u3044\u308b\u3002<\/p>","protected":false},"author":1,"featured_media":0,"parent":21,"menu_order":0,"comment_status":"closed","ping_status":"closed","template":"","meta":{"advanced_seo_description":"","jetpack_seo_html_title":"","jetpack_seo_noindex":false,"jetpack_post_was_ever_published":false,"footnotes":""},"class_list":["post-306","page","type-page","status-publish","hentry"],"jetpack_sharing_enabled":true,"jetpack_shortlink":"https:\/\/wp.me\/Pa1yK3-4W","jetpack_likes_enabled":true,"amp_enabled":true,"_links":{"self":[{"href":"https:\/\/deanzajoji.com\/ja\/wp-json\/wp\/v2\/pages\/306","targetHints":{"allow":["GET"]}}],"collection":[{"href":"https:\/\/deanzajoji.com\/ja\/wp-json\/wp\/v2\/pages"}],"about":[{"href":"https:\/\/deanzajoji.com\/ja\/wp-json\/wp\/v2\/types\/page"}],"author":[{"embeddable":true,"href":"https:\/\/deanzajoji.com\/ja\/wp-json\/wp\/v2\/users\/1"}],"replies":[{"embeddable":true,"href":"https:\/\/deanzajoji.com\/ja\/wp-json\/wp\/v2\/comments?post=306"}],"version-history":[{"count":2,"href":"https:\/\/deanzajoji.com\/ja\/wp-json\/wp\/v2\/pages\/306\/revisions"}],"predecessor-version":[{"id":678,"href":"https:\/\/deanzajoji.com\/ja\/wp-json\/wp\/v2\/pages\/306\/revisions\/678"}],"up":[{"embeddable":true,"href":"https:\/\/deanzajoji.com\/ja\/wp-json\/wp\/v2\/pages\/21"}],"wp:attachment":[{"href":"https:\/\/deanzajoji.com\/ja\/wp-json\/wp\/v2\/media?parent=306"}],"curies":[{"name":"wp","href":"https:\/\/api.w.org\/{rel}","templated":true}]}}